{"id":674,"date":"2023-11-12T18:06:16","date_gmt":"2023-11-12T17:06:16","guid":{"rendered":"https:\/\/hotel-starton.de\/?page_id=674"},"modified":"2023-11-14T12:41:53","modified_gmt":"2023-11-14T11:41:53","slug":"agb","status":"publish","type":"page","link":"https:\/\/hotel-starton.de\/en\/agb\/","title":{"rendered":"AGB"},"content":{"rendered":"<div data-elementor-type=\"wp-page\" data-elementor-id=\"674\" class=\"elementor elementor-674\" data-elementor-post-type=\"page\">\n\t\t\t\t<div class=\"elementor-element elementor-element-6a6e61d e-flex e-con-boxed e-con e-parent\" data-id=\"6a6e61d\" data-element_type=\"container\" id=\"top\" data-settings=\"{&quot;background_background&quot;:&quot;classic&quot;}\">\n\t\t\t\t\t<div class=\"e-con-inner\">\n\t\t\t\t<div class=\"elementor-element elementor-element-d6c0065 premium-header-inline elementor-widget elementor-widget-premium-addon-dual-header\" data-id=\"d6c0065\" data-element_type=\"widget\" data-no-translation=\"\" data-widget_type=\"premium-addon-dual-header.default\">\n\t\t\t\t<div class=\"elementor-widget-container\">\n\t\t\t<style>.elementor-element-d6c0065{display:none !important}<\/style>\t\t<\/div>\n\t\t\t\t<\/div>\n\t\t\t\t<div class=\"elementor-element elementor-element-50d3b32 premium-header-inline elementor-widget elementor-widget-premium-addon-dual-header\" data-id=\"50d3b32\" data-element_type=\"widget\" data-no-translation=\"\" data-widget_type=\"premium-addon-dual-header.default\">\n\t\t\t\t<div class=\"elementor-widget-container\">\n\t\t\t\n\t\t\t\t\t<h1 class=\"premium-dual-header-first-header\"><span class=\"premium-dual-header-first-span\">general terms and conditions <\/span><\/h1> \t\t\n\t\t\t\t<\/div>\n\t\t\t\t<\/div>\n\t\t\t\t\t<\/div>\n\t\t\t\t<\/div>\n\t\t<div class=\"elementor-element elementor-element-38ecaf3e e-flex e-con-boxed e-con e-parent\" data-id=\"38ecaf3e\" data-element_type=\"container\">\n\t\t\t\t\t<div class=\"e-con-inner\">\n\t\t\t\t<div class=\"elementor-element elementor-element-3ee9a03a elementor-widget elementor-widget-text-editor\" data-id=\"3ee9a03a\" data-element_type=\"widget\" data-widget_type=\"text-editor.default\">\n\t\t\t\t<div class=\"elementor-widget-container\">\n\t\t\t<style>\/*! elementor - v3.22.0 - 17-06-2024 *\/\n.elementor-widget-text-editor.elementor-drop-cap-view-stacked .elementor-drop-cap{background-color:#69727d;color:#fff}.elementor-widget-text-editor.elementor-drop-cap-view-framed .elementor-drop-cap{color:#69727d;border:3px solid;background-color:transparent}.elementor-widget-text-editor:not(.elementor-drop-cap-view-default) .elementor-drop-cap{margin-top:8px}.elementor-widget-text-editor:not(.elementor-drop-cap-view-default) .elementor-drop-cap-letter{width:1em;height:1em}.elementor-widget-text-editor .elementor-drop-cap{float:left;text-align:center;line-height:1;font-size:50px}.elementor-widget-text-editor .elementor-drop-cap-letter{display:inline-block}<\/style>\t\t\t\t<p><!-- wp:paragraph --><\/p><p>f\u00fcr den Hotelaufnahmevertrag<br \/>Stand: \u00a0Oktober 2020<\/p><p><!-- \/wp:paragraph --> <!-- wp:list {\"ordered\":true} --><\/p><ol><!-- wp:list-item --><li><strong>GELTUNGSBEREICH<\/strong><!-- wp:list {\"ordered\":true} --><ol><!-- wp:list-item --><li>Diese Gesch\u00e4ftsbedingungen gelten f\u00fcr Vertr\u00e4ge \u00fcber die mietweise \u00dcberlassung von Hotelzimmern zur Beherbergung sowie alle in diesem Zusammenhang f\u00fcr den Kunden erbrachten weiteren Leistungen und Lieferungen des Hotels (Hotelaufnahmevertrag).<\/li><!-- \/wp:list-item --> <!-- wp:list-item --><li>Die Unter- oder Weitervermietung der \u00fcberlassenen R\u00e4umlichkeiten, die Nutzung der \u00fcberlassenen Hotelzimmer zu anderen als Beherbergungszwecken, \u00f6ffentliche Einladungen oder sonstige Werbema\u00dfnahmen zu Vorstellungsgespr\u00e4chen, Verkaufs- und \u00e4hnlichen Veranstaltungen und die Nutzung von Hotelfl\u00e4chen au\u00dferhalb der angemieteten R\u00e4ume f\u00fcr die vorgenannten Veranstaltungen bed\u00fcrfen der vorherigen ausdr\u00fccklichen Zustimmung der Hotel Starton GmbH und k\u00f6nnen von der Zahlung einer zus\u00e4tzlichen Verg\u00fctung abh\u00e4ngig gemacht werden. \u00a7 540 Abs. 1 Satz 2 BGB findet keine Anwendung, sofern der Kunde nicht Verbraucher ist.<\/li><!-- \/wp:list-item --> <!-- wp:list-item --><li>Allgemeine Gesch\u00e4ftsbedingungen des Kunden finden nur Anwendung, wenn dies vorher ausdr\u00fccklich in Textform vereinbart wurde.<\/li><!-- \/wp:list-item --><\/ol><!-- \/wp:list --><\/li><!-- \/wp:list-item --> <!-- wp:list-item --><li><strong>VERTRAGSABSCHLUSS, -PARTNER, VERJ\u00c4HRUNG<\/strong><!-- wp:list {\"ordered\":true} --><ol><!-- wp:list-item --><li>Vertragspartner sind das Hotel und der Kunde. Der Vertrag kommt durch die Annahme des Antrags des Kunden durch das Hotel zustande. Der Hotel Starton GmbH steht es frei, die Zimmerbuchung in Textform zu best\u00e4tigen.<\/li><!-- \/wp:list-item --> <!-- wp:list-item --><li>Der Kunde ist verpflichtet, die Hotel Starton GmbH unaufgefordert sp\u00e4testens bei Vertragsabschluss darauf hinzuweisen, sofern die Inanspruchnahme der Hotelleistung geeignet ist, den reibungslosen Gesch\u00e4ftsbetrieb, die Sicherheit oder das Ansehen von Hotel Starton am Village in der \u00d6ffentlichkeit zu gef\u00e4hrden.<\/li><!-- \/wp:list-item --> <!-- wp:list-item --><li>Vertragspartner sind das Hotel und der Kunde. Hat ein Dritter f\u00fcr den Kunden bestellt, haftet er dem Hotel gegen\u00fcber zusammen mit dem Kunden als Gesamtschuldner f\u00fcr alle Verpflichtungen aus dem Hotelaufnahmevertrag, sofern dem Hotel eine entsprechende Erkl\u00e4rung des Dritten vorliegt.<\/li><!-- \/wp:list-item --> <!-- wp:list-item --><li>Alle Anspr\u00fcche gegen das Hotel verj\u00e4hren grunds\u00e4tzlich in einem Jahr ab dem gesetzlichen Verj\u00e4hrungsbeginn. Dies gilt nicht bei Schadensersatzanspr\u00fcchen und bei sonstigen Anspr\u00fcchen, sofern letztere auf einer vors\u00e4tzlichen oder grob fahrl\u00e4ssigen Pflichtverletzung des Hotels beruhen.<\/li><!-- \/wp:list-item --><\/ol><!-- \/wp:list --><\/li><!-- \/wp:list-item --> <!-- wp:list-item --><li><strong>LEISTUNGEN, PREISE, ZAHLUNG, AUFRECHNUNG<\/strong><!-- wp:list {\"ordered\":true} --><ol><!-- wp:list-item --><li>Das Hotel ist verpflichtet, die vom Kunden gebuchten Zimmer bereitzuhalten und die vereinbarten Leistungen zu erbringen.<\/li><!-- \/wp:list-item --> <!-- wp:list-item --><li>Der Kunde ist verpflichtet, die f\u00fcr die Zimmer\u00fcberlassung und die von ihm in Anspruch genommenen weiteren Leistungen vereinbarten bzw. geltenden Preise des Hotels zu zahlen. Dies gilt auch f\u00fcr vom Kunden direkt oder \u00fcber das Hotel beauftragte Leistungen, die durch Dritte erbracht und vom Hotel verauslagt werden.<\/li><!-- \/wp:list-item --> <!-- wp:list-item --><li>Die vereinbarten Preise verstehen sich einschlie\u00dflich der zum Zeitpunkt des Vertragsschlusses geltenden Steuern und lokalen Abgaben. Nicht enthalten sind lokale Abgaben, die nach dem jeweiligen Kommunalrecht vom Gast geschuldet sind, wie z.B. Kurtaxe. Bei \u00c4nderung der gesetzlichen Umsatzsteuer oder der Neueinf\u00fchrung, \u00c4nderung oder Abschaffung lokaler Abgaben auf den Leistungsgegenstand nach Vertragsschluss werden die Preise entsprechend angepasst. Bei Vertr\u00e4gen mit Verbrauchern gilt dieses nur, wenn der Zeitraum zwischen Vertragsabschluss und Vertragserf\u00fcllung vier Monate \u00fcberschreitet. Sollte dies der Fall sein, kann die Hotel Starton GmbH den Preis angemessen, h\u00f6chstens jedoch um 10 %, erh\u00f6hen.<\/li><!-- \/wp:list-item --> <!-- wp:list-item --><li>Das Hotel kann seine Zustimmung zu einer vom Kunden gew\u00fcnschten nachtr\u00e4glichen Verringerung der Anzahl der gebuchten Zimmer, der Leistung des Hotels oder der Aufenthaltsdauer des Kunden davon abh\u00e4ngig machen, dass sich der Preis f\u00fcr die Zimmer und\/oder f\u00fcr die sonstigen Leistungen des Hotels angemessen erh\u00f6ht.<\/li><!-- \/wp:list-item --> <!-- wp:list-item --><li>Wurde Zahlung auf Rechnung vereinbart, so hat die Zahlung \u2013 vorbehaltlich einer abweichenden Vereinbarung \u2013 binnen 10 Tagen ab Zugang der Rechnung ohne Abzug zu erfolgen. Bei Zahlungsverzug ist das Hotel berechtigt, die jeweils geltenden gesetzlichen Verzugszinsen in H\u00f6he von derzeit 9 % \u00fcber dem jeweiligen Basiszinssatz bei einem Rechtsgesch\u00e4ft mit einem Unternehmer, bzw. in H\u00f6he von 5 % \u00fcber dem jeweiligen Basiszinssatz bei einem Rechtsgesch\u00e4ft mit einem Verbraucher, zu verlangen. Der Hotel Starton GmbH bleibt der Nachweis eines h\u00f6heren, dem Kunden der eines niedrigeren Schadens vorbehalten.<\/li><!-- \/wp:list-item --> <!-- wp:list-item --><li>F\u00fcr jede Mahnung nach Verzugseintritt hat der Kunde Mahnkosten in H\u00f6he von 2,50 Euro an die Hotel Starton GmbH zu erstatten. Der Nachweis, dass keine oder nur wesentlich geringere Kosten entstanden seien, steht dem Kunden frei.<\/li><!-- \/wp:list-item --> <!-- wp:list-item --><li>Die Hotel Starton GmbH ist berechtigt, bei Vertragsabschluss vom Kunden eine angemessene Vorauszahlung oder Sicherheitsleistung, z. B. in Form einer Kreditkartengarantie, zu verlangen. Die H\u00f6he der Vorauszahlung und die Zahlungstermine k\u00f6nnen im Vertrag in Textform vereinbart werden. Bei Vorauszahlungen oder Sicherheitsleistungen f\u00fcr Pauschalreisen bleiben die gesetzlichen Bestimmungen unber\u00fchrt.<\/li><!-- \/wp:list-item --> <!-- wp:list-item --><li>In begr\u00fcndeten F\u00e4llen, z. B. Zahlungsr\u00fcckstand des Kunden oder Erweiterung des Vertragsumfanges, ist die Hotel Starton GmbH berechtigt, auch nach Vertragsschluss bis zu Beginn des Aufenthaltes eine Vorauszahlung oder Sicherheitsleistung im Sinne vorstehender Nr. 7 oder eine Anhebung der im Vertrag vereinbarten Vorauszahlung oder Sicherheitsleistung bis zur vollen vereinbarten Verg\u00fctung zu verlangen.<\/li><!-- \/wp:list-item --><\/ol><!-- \/wp:list --><\/li><!-- \/wp:list-item --> <!-- wp:list-item --><li><strong>R\u00fccktritt des Kunden \/ Nichtinanspruchnahme der Leistungen<\/strong><!-- wp:list {\"ordered\":true} --><ol><!-- wp:list-item --><li>Ein R\u00fccktritt des Kunden von dem mit der Hotel Starton GmbH geschlossenen Vertrag ist nur m\u00f6glich, wenn ein R\u00fccktrittsrecht im Vertrag ausdr\u00fccklich vereinbart wurde, ein gesetzliches R\u00fccktrittsrecht besteht oder die Hotel Starton GmbH der Vertragsaufhebung ausdr\u00fccklich zustimmt. Die Vereinbarung eines R\u00fccktrittsrechtes sowie die etwaige Zustimmung zu einer Vertragsaufhebung sollen jeweils in Textform erfolgen.<\/li><!-- \/wp:list-item --> <!-- wp:list-item --><li>Wurde ein Termin f\u00fcr die kostenfreie Aus\u00fcbung des R\u00fccktrittsrechtes vereinbart, kann der Kunde bis dahin vom Vertrag zur\u00fccktreten, ohne Zahlung oder Schadensersatzanspr\u00fcche der Hotel Starton GmbH auszul\u00f6sen. Das R\u00fccktrittsrecht des Kunden erlischt, wenn er es nicht bis zum vereinbarten Termin gegen\u00fcber der Hotel Starton GmbH in Textform aus\u00fcbt.<\/li><!-- \/wp:list-item --> <!-- wp:list-item --><li>Ist ein R\u00fccktrittsrecht nicht vereinbart oder bereits erloschen, besteht auch kein gesetzliches R\u00fccktrittsrecht und stimmt die Hotel Starton GmbH einer Vertragsaufhebung nicht zu, beh\u00e4lt die Hotel Starton GmbH den Anspruch auf die vereinbarte Verg\u00fctung trotz Nichtinanspruchnahme der Leistung. Die Hotel Starton GmbH hat die Einnahmen aus anderweitiger Vermietung der Zimmer sowie die eingesparten Aufwendungen anzurechnen. Werden die Zimmer nicht anderweitig vermietet, kann die Hotel Starton GmbH die vertraglich vereinbarte Verg\u00fctung verlangen und den Abzug f\u00fcr ersparte Aufwendungen pauschalieren. Der Kunde ist in diesem Fall verpflichtet, mindestens 100% des vertraglich vereinbarten Preises f\u00fcr \u00dcbernachtung mit oder ohne Fr\u00fchst\u00fcck sowie f\u00fcr Pauschalarrangements mit Fremdleistungen, zu zahlen. Ihm steht der Nachweis frei, dass der vorgenannte Anspruch nicht oder nicht in der geforderten H\u00f6he entstanden ist. Dieser Passus 4.3 gilt nicht bei Verletzung der Verpflichtung des Hotel Starton GmbH zur R\u00fccksichtnahme auf Rechte, Rechtsg\u00fcter und Interessen des Kunden, wenn diesem dadurch ein Festhalten am Vertrag nicht mehr zuzumuten ist.<\/li><!-- \/wp:list-item --> <!-- wp:list-item --><li>Ist ein R\u00fccktrittsrecht nicht vereinbart oder bereits erloschen, besteht auch kein gesetzliches R\u00fccktritts- oder K\u00fcndigungsrecht und stimmt das Hotel einer Vertragsaufhebung nicht zu, beh\u00e4lt das Hotel den Anspruch auf die vereinbarte Verg\u00fctung trotz Nichtinanspruchnahme der Leistung. Das Hotel hat die Einnahmen aus anderweitiger Vermietung der Zimmer sowie die ersparten Aufwendungen anzurechnen.<\/li><!-- \/wp:list-item --> <!-- wp:list-item --><li>Werden die Zimmer nicht anderweitig vermietet, so kann das Hotel den Abzug f\u00fcr ersparte Aufwendungen pauschalieren. Der Kunde ist in diesem Fall verpflichtet, 90% des vertraglich vereinbarten Preises. Dem Kunden steht der Nachweis frei, dass der vorgenannte Anspruch nicht oder nicht in der geforderten H\u00f6he entstanden ist.<br \/><br \/>Standardreservierung<br \/>sind bis 14:00 Uhr am Anreisetag kostenfrei stornierbar. Sp\u00e4tere Stornierungen bzw. Nichtanreisen k\u00f6nnen mit 90 % des Gesamtbetrages berechnet werden. Anreisen nach 18 Uhr sind generell mit einer g\u00fcltigen Kreditkarte oder einer Anzahlung von 50% des Zimmerpreises zu garantieren.<br \/><br \/>Arrangementreservierungen<br \/>sind bis 1 Tag vor Anreise kostenfrei stornierbar. Sp\u00e4tere Stornierungen bzw. Nichtanreisen k\u00f6nnen mit 80 % des Gesamtbetrages berechnet werden. Anreisen nach 18 Uhr sind generell mit einer g\u00fcltigen Kreditkarte oder einer Anzahlung von 50% des Zimmerpreises zu garantieren.<br \/><br \/>Messereservierungen<br \/>sind grunds\u00e4tzlich nicht mehr kostenfrei stornierbar. Bei Nichtanreise oder versp\u00e4teten Stornierungen berechnen wir 100 % der Gesamtsumme. Messereservierungen sind generell mit einer g\u00fcltigen Kreditkarte oder einer Anzahlung von 50% des Zimmerpreises zu garantieren. Nach Ablauf der Stornierungsfrist sind wir berechtigt bis zu 50% der Kreditkarte zu belasten, bzw. eine Vorausrechnung zu erstellen. Alle Reservierungen werden von uns schriftlich mit dem Hinweis auf die jeweils geltenden Stornierung Bedingungen best\u00e4tigt.<br \/><br \/>Gruppenreservierungen<br \/>sind Reservierungen ab 6 Zimmer. Diese sind (au\u00dferhalb der Messezeiten) bis 21 Tage vor Anreise kostenfrei stornierbar, danach sind wir berechtigt bis zu 90% der Gesamtsumme zu berechnen.<br \/><br \/>Nach Ablauf der Stornierungsfrist sind wir berechtigt bis zu 50% der Kreditkarte zu belasten, bzw. eine Vorausrechnung zu erstellen. Sie sind generell mit einer Kosten\u00fcbernahme der Firma, einer g\u00fcltigen Kreditkarte oder einer Anzahlung von 50% des Zimmerpreises zu garantieren.<br \/><br \/>F\u00fcr Reservierungen die \u00fcber Buchungsportale erfolgen, gelten die jeweiligen vereinbarten Bedingungen. Abweichende Vereinbarungen bed\u00fcrfen der Schriftform.<br \/><br \/>Verfr\u00fchte Abreisen k\u00f6nnen mit 100% der restlichen \u00dcbernachtungen berechnet werden.<br \/><br \/>Gebuchte Zimmer stehen unseren G\u00e4sten am Anreisetag ab 15:00 Uhr, am Abreisetag bis 11:00 Uhr zur Verf\u00fcgung. Wenn nicht anders vereinbart gelten die Bestimmungen der Allgemeinen Gesch\u00e4ftsbedingungen.<\/li><!-- \/wp:list-item --><\/ol><!-- \/wp:list --><\/li><!-- \/wp:list-item --> <!-- wp:list-item --><li><strong>R\u00dcCKTRITT DES HOTELS<\/strong><!-- wp:list {\"ordered\":true} --><ol><!-- wp:list-item --><li>Sofern vereinbart wurde, dass der Kunde innerhalb einer bestimmten Frist kostenfrei vom Vertrag zur\u00fccktreten kann, ist das Hotel in diesem Zeitraum seinerseits berechtigt, vom Vertrag zur\u00fcckzutreten, wenn Anfragen anderer Kunden nach den vertraglich gebuchten Zimmern vorliegen und der Kunde auf R\u00fcckfrage des Hotels mit angemessener Fristsetzung auf sein Recht zum R\u00fccktritt nicht verzichtet.<\/li><!-- \/wp:list-item --> <!-- wp:list-item --><li>Wird eine gem\u00e4\u00df Ziffer 3.6 und\/oder Ziffer 3.7 vereinbarte oder verlangte Vorauszahlung oder Sicherheitsleistung auch nach Verstreichen einer vom Hotel gesetzten angemessenen Nachfrist nicht geleistet, so ist das Hotel ebenfalls zum R\u00fccktritt vom Vertrag berechtigt.<\/li><!-- \/wp:list-item --> <!-- wp:list-item --><li>Ferner ist das Hotel berechtigt, aus sachlich gerechtfertigtem Grund vom Vertrag au\u00dferordentlich zur\u00fcckzutreten, insbesondere falls h\u00f6here Gewalt oder andere vom Hotel nicht zu vertretende Umst\u00e4nde die Erf\u00fcllung des Vertrages unm\u00f6glich machen; Zimmer oder R\u00e4ume schuldhaft unter irref\u00fchrender oder falscher Angabe oder Verschweigen wesentlicher Tatsachen gebucht werden; wesentlich kann dabei die Identit\u00e4t des Kunden, die Zahlungsf\u00e4higkeit oder der Aufenthaltszweck sein; Allgemeine Gesch\u00e4ftsbedingungen f\u00fcr den Hotelaufnahmevertrag (AGBH 8.0) \u00a9 Hotelverband Deutschland (IHA) e.V. Seite 7 das Hotel begr\u00fcndeten Anlass zu der Annahme hat, dass die Inanspruchnahme der Leistung den reibungslosen Gesch\u00e4ftsbetrieb, die Sicherheit oder das Ansehen des Hotels in der \u00d6ffentlichkeit gef\u00e4hrden kann, ohne dass dies dem Herrschafts- bzw. Organisationsbereich des Hotels zuzurechnen ist; der Zweck bzw. der Anlass des Aufenthaltes gesetzeswidrig ist; ein Versto\u00df gegen oben genannte Ziffer 1.2 vorliegt.<\/li><!-- \/wp:list-item --> <!-- wp:list-item --><li>Bei berechtigtem R\u00fccktritt des Hotels entsteht kein Anspruch des Kunden auf Schadensersatz.<\/li><!-- \/wp:list-item --> <!-- wp:list-item --><li>Das Hotel ist verpflichtet, bei unvorhergesehener Nichtbereitstellung des Zimmers dem Gast ein gleichwertiges Zimmer in einem gleichwertigen Hause anzubieten und bereitzustellen oder, wenn dies nicht m\u00f6glich ist, allgemeinen Schadenersatz zu leisten. Bei h\u00f6herer Gewalt besteht keine Verpflichtung zum Schadenersatz.<\/li><!-- \/wp:list-item --><\/ol><!-- \/wp:list --><\/li><!-- \/wp:list-item --> <!-- wp:list-item --><li><strong>ZIMMERBEREITSTELLUNG, -\u00dcBERGABE UND -R\u00dcCKGABE<\/strong><!-- wp:list {\"ordered\":true} --><ol><!-- wp:list-item --><li>Der Kunde erwirbt keinen Anspruch auf die Bereitstellung bestimmter Zimmer, soweit dieses nicht ausdr\u00fccklich in Textform vereinbart wurde.<\/li><!-- \/wp:list-item --> <!-- wp:list-item --><li>Gebuchte Zimmer stehen dem Kunden ab 15:00 Uhr des vereinbarten Anreisetages zur Verf\u00fcgung. Der Kunde hat keinen Anspruch auf fr\u00fchere Bereitstellung.<\/li><!-- \/wp:list-item --> <!-- wp:list-item --><li>Am vereinbarten Abreisetag sind die Zimmer dem Hotel sp\u00e4testens um 11:00 Uhr ger\u00e4umt zur Verf\u00fcgung zu stellen. Danach kann das Hotel aufgrund der versp\u00e4teten R\u00e4umung des Zimmers f\u00fcr dessen vertrags\u00fcberschreitende Nutzung bis 18:00 Uhr 50% des vollen Logispreises (Preis gem\u00e4\u00df Preisverzeichnis) in Rechnung stellen, ab 18:00 Uhr 90%. Vertragliche Anspr\u00fcche des Kunden werden hierdurch nicht begr\u00fcndet. Ihm steht es frei nachzuweisen, dass dem Hotel kein oder ein wesentlich niedrigerer Anspruch auf Nutzungsentgelt entstanden ist.<\/li><!-- \/wp:list-item --><\/ol><!-- \/wp:list --><\/li><!-- \/wp:list-item --> <!-- wp:list-item --><li><strong>HAFTUNG DES HOTELS<\/strong><!-- wp:list {\"ordered\":true} --><ol><!-- wp:list-item --><li>Das Hotel haftet f\u00fcr von ihm zu vertretende Sch\u00e4den aus der Verletzung des Lebens, des K\u00f6rpers oder der Gesundheit. Weiterhin haftet es f\u00fcr sonstige Sch\u00e4den, die auf einer vors\u00e4tzlichen oder grob fahrl\u00e4ssigen Pflichtverletzung des Hotels beziehungsweise auf einer vors\u00e4tzlichen oder fahrl\u00e4ssigen Verletzung von vertragstypischen Pflichten des Hotels beruhen. Vertragstypische Pflichten sind solche Pflichten, die die ordnungsgem\u00e4\u00dfe Durchf\u00fchrung des Vertrages erst erm\u00f6glichen und auf deren Erf\u00fcllung der Kunde vertraut und vertrauen darf. Einer Pflichtverletzung des Hotels steht die eines gesetzlichen Vertreters oder Erf\u00fcllungsgehilfen gleich. Weitergehende Schadensersatzanspr\u00fcche sind, soweit in dieser Ziffer 7 nicht anderweitig geregelt, ausgeschlossen. Sollten St\u00f6rungen oder M\u00e4ngel an den Leistungen des Hotels auftreten, wird das Hotel bei Kenntnis oder auf unverz\u00fcgliche R\u00fcge des Kunden bem\u00fcht sein, f\u00fcr Abhilfe zu sorgen. Der Kunde ist verpflichtet, das ihm Zumutbare beizutragen, um die St\u00f6rung zu beheben und einen m\u00f6glichen Schaden gering zu halten.<\/li><!-- \/wp:list-item --> <!-- wp:list-item --><li>F\u00fcr eingebrachte Sachen haftet das Hotel dem Kunden nach den gesetzlichen Bestimmungen. Das Hotel empfiehlt die Nutzung des Hotelsafes. Sofern der Kunde Geld, Wertpapiere und Kostbarkeiten mit einem Wert von mehr als 800 Euro oder sonstige Sachen mit einem Wert von mehr als 2.500 Euro einzubringen w\u00fcnscht, bedarf dies einer gesonderten Aufbewahrungsvereinbarung mit dem Hotel.<\/li><!-- \/wp:list-item --> <!-- wp:list-item --><li>Soweit dem Kunden ein Stellplatz in der Hotelgarage oder auf dem Hotelparkplatz, auch gegen Entgelt, zur Verf\u00fcgung gestellt wird, kommt dadurch kein Verwahrungsvertrag zustande. Bei Abhandenkommen oder Besch\u00e4digung auf dem Hotelgrundst\u00fcck abgestellter oder rangierter Kraftfahrzeuge und deren Inhalte haftet das Hotel nur nach Ma\u00dfgabe der vorstehenden Ziffer 7.1, S\u00e4tze 1 bis 4.<\/li><!-- \/wp:list-item --> <!-- wp:list-item --><li>Weckauftr\u00e4ge werden vom Hotel mit gr\u00f6\u00dfter Sorgfalt ausgef\u00fchrt. Nachrichten f\u00fcr die Kunden werden mit Sorgfalt behandelt. Das Hotel kann nach vorheriger Absprache mit dem Kunden die Annahme, Aufbewahrung und \u2013 auf Wunsch \u2013 gegen Entgelt die Nachsendung von Post und Warensendungen \u00fcbernehmen. Das Hotel haftet hierbei nur nach Ma\u00dfgabe der vorstehenden Ziffer 7.1, S\u00e4tze 1 bis 4. Allgemeine Gesch\u00e4ftsbedingungen f\u00fcr den Hotelaufnahmevertrag (AGBH 8.0) \u00a9 Hotelverband Deutschland (IHA) e.V. Seite 8<\/li><!-- \/wp:list-item --> <!-- wp:list-item --><li>Wir haften f\u00fcr keinerlei rechtliche Anspr\u00fcche seitens Internet, Lan und Wlan die durch Dritte bei Nutzung ausgel\u00f6st werden.<\/li><!-- \/wp:list-item --><\/ol><!-- \/wp:list --><\/li><!-- \/wp:list-item --> <!-- wp:list-item --><li><strong>SCHLUSSBESTIMMUNGEN<\/strong><!-- wp:list {\"ordered\":true} --><ol><!-- wp:list-item --><li>\u00c4nderungen oder Erg\u00e4nzungen des Vertrags, der Antragsannahme oder dieser Gesch\u00e4ftsbedingungen f\u00fcr die Hotelaufnahme sollen schriftlich erfolgen. Einseitige \u00c4nderungen oder Erg\u00e4nzungen durch den Kunden sind unwirksam.<\/li><!-- \/wp:list-item --> <!-- wp:list-item --><li>Erf\u00fcllung- und Zahlungsort ist der Sitz des jeweiligen Hotels.<\/li><!-- \/wp:list-item --> <!-- wp:list-item --><li>Ausschlie\u00dflicher Gerichtsstand \u2013 auch f\u00fcr Scheck- und Wechselstreitigkeiten \u2013 ist im kaufm\u00e4nnischen Verkehr F\u00fcrth oder N\u00fcrnberg. Sofern ein Vertragspartner die Voraussetzung des \u00a7 38 Absatz 2 ZPO erf\u00fcllt und keinen allgemeinen Gerichtsstand im Inland hat, gilt als Gerichtsstand der Sitz des Hotels.<\/li><!-- \/wp:list-item --> <!-- wp:list-item --><li>Es gilt deutsches Recht. Die Anwendung des UN-Kaufrechts und des Kollisionsrechts ist ausgeschlossen.<\/li><!-- \/wp:list-item --> <!-- wp:list-item --><li>Sollten einzelne Bestimmungen dieser Allgemeinen Gesch\u00e4ftsbedingungen f\u00fcr die Hotelaufnahme unwirksam oder nichtig sein oder werden, so wird dadurch die Wirksamkeit der \u00fcbrigen Bestimmungen nicht ber\u00fchrt. Im \u00dcbrigen gelten die gesetzlichen Vorschriften.<\/li><!-- \/wp:list-item --><\/ol><!-- \/wp:list --><\/li><!-- \/wp:list-item --><\/ol><p><!-- \/wp:list --><\/p>\t\t\t\t\t\t<\/div>\n\t\t\t\t<\/div>\n\t\t\t\t\t<\/div>\n\t\t\t\t<\/div>\n\t\t\t\t<\/div>","protected":false},"excerpt":{"rendered":"<p>Allgemeine Gesch\u00e4ftsbedingungen (AGB) f\u00fcr den HotelaufnahmevertragStand: \u00a0Oktober 2020<\/p>","protected":false},"author":1,"featured_media":0,"parent":0,"menu_order":0,"comment_status":"closed","ping_status":"closed","template":"elementor_header_footer","meta":{"footnotes":""},"class_list":["post-674","page","type-page","status-publish","hentry"],"_links":{"self":[{"href":"https:\/\/hotel-starton.de\/en\/wp-json\/wp\/v2\/pages\/674"}],"collection":[{"href":"https:\/\/hotel-starton.de\/en\/wp-json\/wp\/v2\/pages"}],"about":[{"href":"https:\/\/hotel-starton.de\/en\/wp-json\/wp\/v2\/types\/page"}],"author":[{"embeddable":true,"href":"https:\/\/hotel-starton.de\/en\/wp-json\/wp\/v2\/users\/1"}],"replies":[{"embeddable":true,"href":"https:\/\/hotel-starton.de\/en\/wp-json\/wp\/v2\/comments?post=674"}],"version-history":[{"count":10,"href":"https:\/\/hotel-starton.de\/en\/wp-json\/wp\/v2\/pages\/674\/revisions"}],"predecessor-version":[{"id":706,"href":"https:\/\/hotel-starton.de\/en\/wp-json\/wp\/v2\/pages\/674\/revisions\/706"}],"wp:attachment":[{"href":"https:\/\/hotel-starton.de\/en\/wp-json\/wp\/v2\/media?parent=674"}],"curies":[{"name":"wp","href":"https:\/\/api.w.org\/{rel}","templated":true}]}}